{"id":351,"date":"2024-02-26T09:03:47","date_gmt":"2024-02-26T09:03:47","guid":{"rendered":"https:\/\/starkelectronics.hr\/eu-projekti-hr\/"},"modified":"2024-02-26T09:10:35","modified_gmt":"2024-02-26T09:10:35","slug":"eu-projekti","status":"publish","type":"page","link":"https:\/\/starkelectronics.hr\/hr\/eu-projekti\/","title":{"rendered":"EU Projekti"},"content":{"rendered":"<div id=\"cs-content\" class=\"cs-content\"><div class=\"x-section e351-e1 m9r-0\"><div class=\"x-row x-container max width e351-e2 m9r-1 m9r-2\"><div class=\"x-row-inner\"><div class=\"x-col e351-e3 m9r-3\"><span class=\"x-image e351-e4 m9r-4\"><img decoding=\"async\" src=\"https:\/\/starkelectronics.hr\/wp-content\/uploads\/2024\/02\/se-eu-fund.jpg\" width=\"780\" height=\"120\" alt=\"Image\" loading=\"lazy\"><\/span><div class=\"x-text x-content e351-e5 m9r-5\"><p><strong>NAZIV PROJEKTA:<\/strong> Razvoj inovativnog polifaznog elektromotornog pogona - PEP<\/p>\n<p><br \/>\nOPIS PROJEKTA: <br \/>\nOvim projektom dru\u0161tvo Stark electronics d.o.o. ostvariti \u0107e uspje\u0161nu suradnju te inoviranje organizacije. Provedbom projekta \u0107e biti razvijen novi inovativni sustav PEP \u010dije je glavna inovacija simultani razvoj invertera i motora kao i dodavanje faza elektri\u010dnom motoru, a posljedi\u010dno i inverteru kako bi se unaprijedile performanse i pobolj\u0161ala u\u010dinkovitost sustava motora \u2013 inverter u istim zadanim fizi\u010dkim dimenzijama.<\/p>\n<p>CILJEVI I O\u010cEKIVANI REZULTATI PROJEKTA:<\/p>\n<p>Dru\u0161tvo Stark electronics d.o.o. \u0107e novim tehnolo\u0161kim iskorakom, provedbom ovog projekta, <br \/>\nja\u010dati vlastite istra\u017eiva\u010dko-razvojne kapacitete za razvoj novih proizvoda u podru\u010dju prometa i mobilnosti te energije i odr\u017eivog okoli\u0161a uz u\u010dinkovitu suradnju sa znanstvenim institucijama. Realizacijom projekta dovesti \u0107e se do pove\u0107anja broja zaposlenih te se planira porast prihoda od prodaje za 100%, a od izvoza za 1100% uvo\u0111enjem inovativnosg sustava PEP.<\/p>\n<p>UKUPNA VRIJEDNOST PROJEKTA I IZNOS KOJI SUFINANCIRA EU<br \/>\nUkupna vrijednost projekta: 755.364,23 \u20ac<br \/>\nIznos koji sufinancira EU: 453.114,19 \u20ac<br \/>\n<br \/>\nRAZDOBLJE PROVEDBE PROJEKTA: <br \/>\n17. kolovoz 2020. do 31. prosinca 2023. godine<br \/>\n<br \/>\nKONTAKT OSOBA: <br \/>\nMarija Krpan, direktor<br \/>\nMail: marija@starkelectronics.hr<\/p>\n<p>https:\/\/strukturnifondovi.hr <br \/>\nhttps:\/\/strukturnifondovi.hr\/eu-fondovi\/esi-fondovi-2014-2020\/op-konkurentnost-i-kohezija\/<\/p>\n<p><br \/>\nProjekt je sufinancirala Europska unija iz Europskog fonda za regionalni razvoj.<\/p><\/div><div class=\"x-text x-content e351-e6 m9r-5\"><p><strong>NAZIV PROJEKTA:<\/strong> Internacionalizacija inovativnih rje\u0161enja dru\u0161tva Stark Electronics d.o.o. na nova inozemna tr\u017ei\u0161ta<\/p>\n<p><br \/>\nOPIS PROJEKTA: <br \/>\nOvim projektom dru\u0161tvo Stark electronics d.o.o. planira ja\u010dati me\u0111unarodnu vidljivost i konkurentnost predstavljanjem svojih proizvoda i usluga me\u0111unarodnoj poslovnoj zajednici u inozemstvu i uvo\u0111enjem vlastitih proizvoda na nova inozemna tr\u017ei\u0161ta. Tvrtka na tr\u017ei\u0161tu uspje\u0161no posluje ve\u0107 7 godina te se od samih po\u010detaka fokusira na inozemna tr\u017ei\u0161ta \u2013 poglavito na tr\u017ei\u0161te SAD-a, dok je u narednom razdoblju fokus na otvaranje novih tr\u017ei\u0161ta EU.<\/p>\n<p>CILJEVI I O\u010cEKIVANI REZULTATI PROJEKTA:<\/p>\n<p>Glavni cilj provedbe ovog projekta jest ja\u010danje me\u0111unarodne konkurentnosti dru\u0161tva Stark electronics d.o.o. nastupima na me\u0111unarodnim sajmovima na kojima se dru\u0161tvo planira predstaviti \u0161to ve\u0107em broju potencijalnih poslovnih partnera. Realizacijom projekta dovesti \u0107e se do pove\u0107anja prihoda od prodaje za 21% i pove\u0107anja prihoda od izvoza za 100%, \u0161to \u0107e rezultirati i pove\u0107anjem neto mar\u017ee tvrtke, ostvarenjem ve\u0107e dobiti te novim zapo\u0161ljavanjima, kao i pove\u0107anja ukupnog izvoznog rezultata RH.<\/p>\n<p>UKUPNA VRIJEDNOST PROJEKTA I IZNOS KOJI SUFINANCIRA EU:<br \/>\nUkupna vrijednost projekta: 79.291,52 EUR<br \/>\nIznos koji sufinancira EU: 54.284,58 EUR<br \/>\n<br \/>\nRAZDOBLJE PROVEDBE PROJEKTA: <br \/>\n01. prosinac 2019. do 01. prosinca 2023. godine<br \/>\n<br \/>\nKONTAKT OSOBA: <br \/>\nMarija Krpan, direktor<br \/>\nMail: marija@starkelectronics.hr<\/p>\n<p>https:\/\/strukturnifondovi.hr <br \/>\nhttps:\/\/strukturnifondovi.hr\/eu-fondovi\/esi-fondovi-2014-2020\/op-konkurentnost-i-kohezija\/<\/p>\n<p><br \/>\nProjekt je sufinancirala Europska unija iz Europskog fonda za regionalni razvoj.<\/p><\/div><div class=\"x-text x-content e351-e7 m9r-5\"><p><strong>NAZIV PROJEKTA:<\/strong> Ja\u010danje konkurentnosti dru\u0161tva Cognitio elektronika d.o.o. ulaganjima u digitalnu i zelenu tranziciju<\/p>\n<p><br \/>\nOPIS PROJEKTA: <br \/>\nOvim projektom dru\u0161tvo Stark electronics d.o.o. \u0107e provesti digitalizaciju i unaprje\u0111enje horizontalnih procesa poslovanja kako bi se postigla zaokru\u017eenost i sljedivost cjelokupnog poslovno-proizvodnog procesa, od nabave sirovine, preko proizvodnje i kontrole kvalitete proizvoda pa sve do isporuke proizvoda kona\u010dnom kupcu.<\/p>\n<p>CILJEVI I O\u010cEKIVANI REZULTATI PROJEKTA:<\/p>\n<p>Glavni cilj provedbe ovog projekta jest ja\u010danje konkurentnosti dru\u0161tva Stark electronics d.o.o. kroz uvo\u0111enje energetski u\u010dinkovite i tehnolo\u0161ki napredne proizvodnje te inovativnih poslovnih modela, a ostvarenje ovog cilja odgovorit \u0107e na 2 razine problema odnosno potreba s kojima se poduze\u0107e susre\u0107e, a koji su me\u0111usobno uvjetovani. Realizacijom projekta dovesti \u0107e se do pove\u0107anja broja zaposlenih, pove\u0107anje prihoda od prodaje za vi\u0161e od 25%, pove\u0107anje prihoda od izvoza za vi\u0161e od 25%.<\/p>\n<p>UKUPNA VRIJEDNOST PROJEKTA I IZNOS KOJI SUFINANCIRA EU<br \/>\nUkupna vrijednost projekta: 1.110.827,39 \u20ac<br \/>\nIznos koji sufinancira EU: 437.476,25 \u20ac<br \/>\n<br \/>\nRAZDOBLJE PROVEDBE PROJEKTA: <br \/>\n30. rujan 2021. do 31. prosinca 2023. godine<br \/>\n<br \/>\nKONTAKT OSOBA: <br \/>\nMarija Krpan, direktor<br \/>\nMail: marija@starkelectronics.hr<\/p>\n<p>https:\/\/strukturnifondovi.hr <br \/>\nhttps:\/\/strukturnifondovi.hr\/eu-fondovi\/esi-fondovi-2014-2020\/op-konkurentnost-i-kohezija\/<\/p>\n<p><br \/>\nProjekt je sufinancirala Europska unija iz Europskog fonda za regionalni razvoj.<\/p><\/div><\/div><\/div><\/div><\/div><\/div>\n","protected":false},"excerpt":{"rendered":"<p>NAZIV PROJEKTA: Razvoj inovativnog polifaznog elektromotornog pogona &#8211; PEP OPIS PROJEKTA: Ovim projektom dru\u0161tvo Stark electronics d.o.o. ostvariti \u0107e uspje\u0161nu suradnju te inoviranje organizacije. Provedbom projekta \u0107e biti razvijen novi inovativni sustav PEP \u010dije je glavna inovacija simultani razvoj invertera i motora kao i dodavanje faza elektri\u010dnom motoru, a posljedi\u010dno i inverteru kako bi se unaprijedile performanse i pobolj\u0161ala u\u010dinkovitost &#8230; <\/p>\n<div><a href=\"https:\/\/starkelectronics.hr\/hr\/eu-projekti\/\" class=\"more-link\">Read More<\/a><\/div>\n","protected":false},"author":1,"featured_media":0,"parent":0,"menu_order":0,"comment_status":"closed","ping_status":"closed","template":"template-blank-4.php","meta":{"_acf_changed":false,"inline_featured_image":false,"footnotes":""},"class_list":["post-351","page","type-page","status-publish","hentry","no-post-thumbnail"],"acf":[],"aioseo_notices":[],"_links":{"self":[{"href":"https:\/\/starkelectronics.hr\/hr\/wp-json\/wp\/v2\/pages\/351","targetHints":{"allow":["GET"]}}],"collection":[{"href":"https:\/\/starkelectronics.hr\/hr\/wp-json\/wp\/v2\/pages"}],"about":[{"href":"https:\/\/starkelectronics.hr\/hr\/wp-json\/wp\/v2\/types\/page"}],"author":[{"embeddable":true,"href":"https:\/\/starkelectronics.hr\/hr\/wp-json\/wp\/v2\/users\/1"}],"replies":[{"embeddable":true,"href":"https:\/\/starkelectronics.hr\/hr\/wp-json\/wp\/v2\/comments?post=351"}],"version-history":[{"count":3,"href":"https:\/\/starkelectronics.hr\/hr\/wp-json\/wp\/v2\/pages\/351\/revisions"}],"predecessor-version":[{"id":354,"href":"https:\/\/starkelectronics.hr\/hr\/wp-json\/wp\/v2\/pages\/351\/revisions\/354"}],"wp:attachment":[{"href":"https:\/\/starkelectronics.hr\/hr\/wp-json\/wp\/v2\/media?parent=351"}],"curies":[{"name":"wp","href":"https:\/\/api.w.org\/{rel}","templated":true}]}}