{"id":345,"date":"2024-02-26T09:03:47","date_gmt":"2024-02-26T09:03:47","guid":{"rendered":"https:\/\/starkelectronics.hr\/?page_id=345"},"modified":"2025-09-08T11:26:37","modified_gmt":"2025-09-08T11:26:37","slug":"eu-projekti","status":"publish","type":"page","link":"https:\/\/starkelectronics.hr\/en\/eu-projekti\/","title":{"rendered":"EU Projekti"},"content":{"rendered":"<div id=\"cs-content\" class=\"cs-content\"><div class=\"x-section e345-e1 m9l-0 m9l-1 m9l-2\"><div class=\"x-bg\" aria-hidden=\"true\"><div class=\"x-bg-layer-lower-image\"><\/div><div class=\"x-bg-layer-upper-color\"><\/div><\/div><div class=\"x-row x-container max width e345-e2 m9l-7 m9l-8 m9l-9\"><div class=\"x-row-inner\"><div class=\"x-col e345-e3 m9l-d\"><div class=\"x-text x-content e345-e4 m9l-f m9l-g m9l-h\">EU Projekti<\/div><nav class=\"x-crumbs e345-e5 m9l-k\" role=\"navigation\"><ol class=\"x-crumbs-list\" itemscope=\"\" itemtype=\"http:\/\/schema.org\/BreadcrumbList\" aria-label=\"Breadcrumb Navigation\"><li class=\"x-crumbs-list-item\" itemprop=\"itemListElement\" itemscope itemtype=\"http:\/\/schema.org\/ListItem\"><a class=\"x-crumbs-current x-crumbs-link\" itemtype=\"http:\/\/schema.org\/Thing\" itemprop=\"item\" href=\"https:\/\/starkelectronics.hr\/en\/\" title=\"You Are Here\"><span itemprop=\"name\">Home<\/span><\/a><meta itemprop=\"position\" content=\"1\"><\/li><\/ol><\/nav><\/div><\/div><\/div><\/div><div class=\"x-section e345-e6 m9l-0 m9l-3 m9l-4\"><div class=\"x-row x-container max width e345-e7 m9l-7 m9l-8 m9l-a\"><div class=\"x-row-inner\"><div class=\"x-col e345-e8 m9l-d m9l-e\"><span class=\"x-image e345-e9 m9l-l m9l-m\"><img decoding=\"async\" src=\"https:\/\/starkelectronics.hr\/wp-content\/uploads\/2025\/09\/eu-project.jpg\" width=\"800\" height=\"212\" alt=\"Image\" loading=\"lazy\"><\/span><div class=\"x-text x-content e345-e10 m9l-g m9l-h m9l-i\"><p><strong>Ja\u010danje strate\u0161kih partnerstva za inovacije u procesu industrijske tranzicije - Lynx Street i Lynx Snow<\/strong><\/p>\n<p>Provedba \u00a0projekta \u201eLynx Street i Lynx Snow\u201c zapo\u010dela je 30.12.2024., temeljem Ugovora IP.1.1.03.0007, zaklju\u010denog s Ministarstvom regionalnoga razvoja i fondova Europske unije (UT), te Hrvatskom agencijom za malo gospodarstvo, inovacije i investicije (PTPO).<\/p>\n<p>Projekt se provodi u okviru Poziva na dostavu projektnih prijedloga za dodjelu bespovratnih sredstava \u201eJa\u010danje strate\u0161kih partnerstva za inovacije u procesu industrijske tranzicije\u201d iz Integriranog teritorijalnog programa 2021. \u2013 2027.<\/p>\n<p><strong>Nositelj projekta<\/strong>: RASCO d.o.o.<\/p>\n<p><strong>Ukupna vrijednost projekta<\/strong>: 5.266.941,56 EUR<\/p>\n<p><strong>EU udio u financiranju projekta<\/strong>: 2.999.016,78 EUR<\/p>\n<p><strong>Razdoblje provedbe<\/strong>: 30.12.2024. \u2013 29.12.2027.<\/p>\n<p><strong>Kontakt osoba za vi\u0161e informacija<\/strong>:<\/p>\n<p>Marija Krpan, direktorica, e-mail: \u00a0<span><a href=\"mailto:marija@starkelectronics.hr\">marija@starkelectronics.hr<\/a> <\/span><\/p>\n<p>Cilj projekta je razviti te u laboratorijskom i operativnom okru\u017eenju validirati elektri\u010dna vozila za odr\u017eavanje prometnica koja adresiraju izazove u\u010dinkovitosti, dosega i upravljivosti, a sve kako bi se pru\u017eilo odr\u017eivo, visoko u\u010dinkovito i ekolo\u0161ki prihvatljivo rje\u0161enje za zamjenu dizelskih komunalnih vozila.<\/p>\n<p>Projekt kolaborativno provodi tro\u010dlani konzorcij kojeg \u010dine RASCO d.o.o. kao nositelj projekta, te projektni partneri METAL PRODUCT d.o.o. i STARK Electronics d.o.o.<\/p>\n<p>Vi\u0161e informacija na:<\/p>\n\n<ul>\n \t<li><a href=\"https:\/\/eufondovi.gov.hr\/\" target=\"_blank\" rel=\"noopener\"><u>https:\/\/eufondovi.gov.hr\/<\/u><\/a><\/li>\n<\/ul>\n<p>Sadr\u017eaj internetske stranice isklju\u010diva je odgovornost tvrtke STARK Electronics d.o.o.<\/p>\n<p>Izneseni stavovi i mi\u0161ljenja samo su autorova i ne odra\u017eavaju nu\u017eno slu\u017ebena stajali\u0161ta Europske unije ili Europske komisije. Ni Europska unija ni Europska komisija ne mogu se smatrati odgovornima za njih.<\/p><\/div><\/div><\/div><\/div><\/div><div class=\"x-section e345-e11 m9l-0 m9l-2 m9l-5\"><div class=\"x-bg\" aria-hidden=\"true\"><div class=\"x-bg-layer-lower-image\"><\/div><div class=\"x-bg-layer-upper-color\"><\/div><\/div><div class=\"x-row x-container max width e345-e12 m9l-7 m9l-8 m9l-b\"><div class=\"x-row-inner\"><div class=\"x-col e345-e13 m9l-d m9l-e\"><span class=\"x-image e345-e14 m9l-l m9l-n m9l-6\"><img decoding=\"async\" src=\"https:\/\/starkelectronics.hr\/wp-content\/uploads\/2022\/08\/se-black.svg\" width=\"1\" height=\"1\" alt=\"Image\" loading=\"lazy\"><\/span><\/div><\/div><\/div><\/div><div class=\"x-section e345-e15 m9l-0 m9l-3\"><div class=\"x-row x-container max width e345-e16 m9l-7 m9l-8 m9l-c\"><div class=\"x-row-inner\"><div class=\"x-col e345-e17 m9l-d m9l-e\"><span class=\"x-image e345-e18 m9l-l m9l-m\"><img decoding=\"async\" src=\"https:\/\/starkelectronics.hr\/wp-content\/uploads\/2024\/02\/se-eu-fund.jpg\" width=\"780\" height=\"120\" alt=\"Image\" loading=\"lazy\"><\/span><div class=\"x-text x-content e345-e19 m9l-g m9l-i m9l-j\"><p><strong>NAZIV PROJEKTA:<\/strong> Razvoj inovativnog polifaznog elektromotornog pogona - PEP<\/p>\n<p><br \/>\nOPIS PROJEKTA: <br \/>\nOvim projektom dru\u0161tvo Stark electronics d.o.o. ostvariti \u0107e uspje\u0161nu suradnju te inoviranje organizacije. Provedbom projekta \u0107e biti razvijen novi inovativni sustav PEP \u010dije je glavna inovacija simultani razvoj invertera i motora kao i dodavanje faza elektri\u010dnom motoru, a posljedi\u010dno i inverteru kako bi se unaprijedile performanse i pobolj\u0161ala u\u010dinkovitost sustava motora \u2013 inverter u istim zadanim fizi\u010dkim dimenzijama.<\/p>\n<p>CILJEVI I O\u010cEKIVANI REZULTATI PROJEKTA:<\/p>\n<p>Dru\u0161tvo Stark electronics d.o.o. \u0107e novim tehnolo\u0161kim iskorakom, provedbom ovog projekta, <br \/>\nja\u010dati vlastite istra\u017eiva\u010dko-razvojne kapacitete za razvoj novih proizvoda u podru\u010dju prometa i mobilnosti te energije i odr\u017eivog okoli\u0161a uz u\u010dinkovitu suradnju sa znanstvenim institucijama. Realizacijom projekta dovesti \u0107e se do pove\u0107anja broja zaposlenih te se planira porast prihoda od prodaje za 100%, a od izvoza za 1100% uvo\u0111enjem inovativnosg sustava PEP.<\/p>\n<p>UKUPNA VRIJEDNOST PROJEKTA I IZNOS KOJI SUFINANCIRA EU<br \/>\nUkupna vrijednost projekta: 755.364,23 \u20ac<br \/>\nIznos koji sufinancira EU: 453.114,19 \u20ac<br \/>\n<br \/>\nRAZDOBLJE PROVEDBE PROJEKTA: <br \/>\n17. kolovoz 2020. do 31. prosinca 2023. godine<br \/>\n<br \/>\nKONTAKT OSOBA: <br \/>\nMarija Krpan, direktor<br \/>\nMail: marija@starkelectronics.hr<\/p>\n<p>https:\/\/strukturnifondovi.hr <br \/>\nhttps:\/\/strukturnifondovi.hr\/eu-fondovi\/esi-fondovi-2014-2020\/op-konkurentnost-i-kohezija\/<\/p>\n<p><br \/>\nProjekt je sufinancirala Europska unija iz Europskog fonda za regionalni razvoj.<\/p><\/div><div class=\"x-text x-content e345-e20 m9l-g m9l-h m9l-i\"><p><strong>NAZIV PROJEKTA:<\/strong> Internacionalizacija inovativnih rje\u0161enja dru\u0161tva Stark Electronics d.o.o. na nova inozemna tr\u017ei\u0161ta<\/p>\n<p><br \/>\nOPIS PROJEKTA: <br \/>\nOvim projektom dru\u0161tvo Stark electronics d.o.o. planira ja\u010dati me\u0111unarodnu vidljivost i konkurentnost predstavljanjem svojih proizvoda i usluga me\u0111unarodnoj poslovnoj zajednici u inozemstvu i uvo\u0111enjem vlastitih proizvoda na nova inozemna tr\u017ei\u0161ta. Tvrtka na tr\u017ei\u0161tu uspje\u0161no posluje ve\u0107 7 godina te se od samih po\u010detaka fokusira na inozemna tr\u017ei\u0161ta \u2013 poglavito na tr\u017ei\u0161te SAD-a, dok je u narednom razdoblju fokus na otvaranje novih tr\u017ei\u0161ta EU.<\/p>\n<p>CILJEVI I O\u010cEKIVANI REZULTATI PROJEKTA:<\/p>\n<p>Glavni cilj provedbe ovog projekta jest ja\u010danje me\u0111unarodne konkurentnosti dru\u0161tva Stark electronics d.o.o. nastupima na me\u0111unarodnim sajmovima na kojima se dru\u0161tvo planira predstaviti \u0161to ve\u0107em broju potencijalnih poslovnih partnera. Realizacijom projekta dovesti \u0107e se do pove\u0107anja prihoda od prodaje za 21% i pove\u0107anja prihoda od izvoza za 100%, \u0161to \u0107e rezultirati i pove\u0107anjem neto mar\u017ee tvrtke, ostvarenjem ve\u0107e dobiti te novim zapo\u0161ljavanjima, kao i pove\u0107anja ukupnog izvoznog rezultata RH.<\/p>\n<p>UKUPNA VRIJEDNOST PROJEKTA I IZNOS KOJI SUFINANCIRA EU:<br \/>\nUkupna vrijednost projekta: 79.291,52 EUR<br \/>\nIznos koji sufinancira EU: 54.284,58 EUR<br \/>\n<br \/>\nRAZDOBLJE PROVEDBE PROJEKTA: <br \/>\n01. prosinac 2019. do 01. prosinca 2023. godine<br \/>\n<br \/>\nKONTAKT OSOBA: <br \/>\nMarija Krpan, direktor<br \/>\nMail: marija@starkelectronics.hr<\/p>\n<p>https:\/\/strukturnifondovi.hr <br \/>\nhttps:\/\/strukturnifondovi.hr\/eu-fondovi\/esi-fondovi-2014-2020\/op-konkurentnost-i-kohezija\/<\/p>\n<p><br \/>\nProjekt je sufinancirala Europska unija iz Europskog fonda za regionalni razvoj.<\/p><\/div><div class=\"x-text x-content e345-e21 m9l-g m9l-h m9l-i\"><p><strong>NAZIV PROJEKTA:<\/strong> Ja\u010danje konkurentnosti dru\u0161tva Cognitio elektronika d.o.o. ulaganjima u digitalnu i zelenu tranziciju<\/p>\n<p><br \/>\nOPIS PROJEKTA: <br \/>\nOvim projektom dru\u0161tvo Stark electronics d.o.o. \u0107e provesti digitalizaciju i unaprje\u0111enje horizontalnih procesa poslovanja kako bi se postigla zaokru\u017eenost i sljedivost cjelokupnog poslovno-proizvodnog procesa, od nabave sirovine, preko proizvodnje i kontrole kvalitete proizvoda pa sve do isporuke proizvoda kona\u010dnom kupcu.<\/p>\n<p>CILJEVI I O\u010cEKIVANI REZULTATI PROJEKTA:<\/p>\n<p>Glavni cilj provedbe ovog projekta jest ja\u010danje konkurentnosti dru\u0161tva Stark electronics d.o.o. kroz uvo\u0111enje energetski u\u010dinkovite i tehnolo\u0161ki napredne proizvodnje te inovativnih poslovnih modela, a ostvarenje ovog cilja odgovorit \u0107e na 2 razine problema odnosno potreba s kojima se poduze\u0107e susre\u0107e, a koji su me\u0111usobno uvjetovani. Realizacijom projekta dovesti \u0107e se do pove\u0107anja broja zaposlenih, pove\u0107anje prihoda od prodaje za vi\u0161e od 25%, pove\u0107anje prihoda od izvoza za vi\u0161e od 25%.<\/p>\n<p>UKUPNA VRIJEDNOST PROJEKTA I IZNOS KOJI SUFINANCIRA EU<br \/>\nUkupna vrijednost projekta: 1.110.827,39 \u20ac<br \/>\nIznos koji sufinancira EU: 437.476,25 \u20ac<br \/>\n<br \/>\nRAZDOBLJE PROVEDBE PROJEKTA: <br \/>\n30. rujan 2021. do 31. prosinca 2023. godine<br \/>\n<br \/>\nKONTAKT OSOBA: <br \/>\nMarija Krpan, direktor<br \/>\nMail: marija@starkelectronics.hr<\/p>\n<p>https:\/\/strukturnifondovi.hr <br \/>\nhttps:\/\/strukturnifondovi.hr\/eu-fondovi\/esi-fondovi-2014-2020\/op-konkurentnost-i-kohezija\/<\/p>\n<p><br \/>\nProjekt je sufinancirala Europska unija iz Europskog fonda za regionalni razvoj.<\/p><\/div><\/div><\/div><\/div><\/div><\/div>\n","protected":false},"excerpt":{"rendered":"<p>EU ProjektiHomeJa\u010danje strate\u0161kih partnerstva za inovacije u procesu industrijske tranzicije &#8211; Lynx Street i Lynx Snow Provedba \u00a0projekta \u201eLynx Street i Lynx Snow\u201c zapo\u010dela je 30.12.2024., temeljem Ugovora IP.1.1.03.0007, zaklju\u010denog s Ministarstvom regionalnoga razvoja i fondova Europske unije (UT), te Hrvatskom agencijom za malo gospodarstvo, inovacije i investicije (PTPO). Projekt se provodi u okviru Poziva na dostavu projektnih prijedloga za &#8230; <\/p>\n<div><a href=\"https:\/\/starkelectronics.hr\/en\/eu-projekti\/\" class=\"more-link\">Read More<\/a><\/div>\n","protected":false},"author":1,"featured_media":0,"parent":0,"menu_order":0,"comment_status":"closed","ping_status":"closed","template":"template-blank-4.php","meta":{"_acf_changed":false,"inline_featured_image":false,"footnotes":""},"class_list":["post-345","page","type-page","status-publish","hentry","no-post-thumbnail"],"acf":[],"aioseo_notices":[],"_links":{"self":[{"href":"https:\/\/starkelectronics.hr\/en\/wp-json\/wp\/v2\/pages\/345","targetHints":{"allow":["GET"]}}],"collection":[{"href":"https:\/\/starkelectronics.hr\/en\/wp-json\/wp\/v2\/pages"}],"about":[{"href":"https:\/\/starkelectronics.hr\/en\/wp-json\/wp\/v2\/types\/page"}],"author":[{"embeddable":true,"href":"https:\/\/starkelectronics.hr\/en\/wp-json\/wp\/v2\/users\/1"}],"replies":[{"embeddable":true,"href":"https:\/\/starkelectronics.hr\/en\/wp-json\/wp\/v2\/comments?post=345"}],"version-history":[{"count":6,"href":"https:\/\/starkelectronics.hr\/en\/wp-json\/wp\/v2\/pages\/345\/revisions"}],"predecessor-version":[{"id":374,"href":"https:\/\/starkelectronics.hr\/en\/wp-json\/wp\/v2\/pages\/345\/revisions\/374"}],"wp:attachment":[{"href":"https:\/\/starkelectronics.hr\/en\/wp-json\/wp\/v2\/media?parent=345"}],"curies":[{"name":"wp","href":"https:\/\/api.w.org\/{rel}","templated":true}]}}